{"id":408,"date":"2024-11-05T09:59:48","date_gmt":"2024-11-05T09:59:48","guid":{"rendered":"https:\/\/sanromapsicologia.com\/?page_id=408"},"modified":"2024-11-05T10:01:14","modified_gmt":"2024-11-05T10:01:14","slug":"declaracion-accesibilidad","status":"publish","type":"page","link":"https:\/\/sanromapsicologia.com\/ca\/declaracion-accesibilidad\/","title":{"rendered":"Declaraci\u00f3n de accesibilidad"},"content":{"rendered":"<div class=\"vce-row-container\"><div class=\"vce-row vce-row--col-gap-0 vce-row-equal-height vce-row-content--top\" data-vce-full-width=\"true\" id=\"el-4d8b1cec\" data-vce-do-apply=\"all el-4d8b1cec\"><div class=\"vce-content-background-container\"><\/div><div class=\"vce-row-content\" data-vce-element-content=\"true\"><div class=\"vce-col vce-col--md-auto vce-col--xs-1 vce-col--xs-last vce-col--xs-first vce-col--sm-last vce-col--sm-first vce-col--md-last vce-col--lg-last vce-col--xl-last vce-col--md-first vce-col--lg-first vce-col--xl-first\" id=\"el-34ecf56e\"><div class=\"vce-col-inner\" data-vce-do-apply=\"border margin background  el-34ecf56e\"><div class=\"vce-col-content\" data-vce-element-content=\"true\" data-vce-do-apply=\"padding el-34ecf56e\"><div class=\"vce-text-block\"><div class=\"vce-text-block-wrapper vce\" id=\"el-821651de\" data-vce-do-apply=\"all el-821651de\"><div class=\"vce-text-block tit\"><div id=\"el-af5ea7dc\" class=\"vce-text-block-wrapper vce\" data-vce-do-apply=\"all el-af5ea7dc\"><h1>Declaraci\u00f3n de accesibilidad<\/h1><\/div><\/div><div class=\"vce-text-block\"><div id=\"el-0c504a65\" class=\"vce-text-block-wrapper vce\" data-vce-do-apply=\"all el-0c504a65\"><div class=\"vce-row-container\" data-vce-boxed-width=\"true\"><div id=\"el-13eddf99\" class=\"vce-row vce-row--col-gap-30 vce-row-equal-height vce-row-content--middle\" data-vce-do-apply=\"all el-13eddf99\"><div class=\"vce-row-content\" data-vce-element-content=\"true\"><div id=\"el-13c274a0\" class=\"vce-col vce-col--md-auto vce-col--xs-1 vce-col--xs-last vce-col--xs-first vce-col--sm-last vce-col--sm-first vce-col--md-last vce-col--lg-last vce-col--xl-last vce-col--md-first vce-col--lg-first vce-col--xl-first\"><div class=\"vce-col-inner\" data-vce-do-apply=\"border margin background el-13c274a0\"><div class=\"vce-col-content\" data-vce-element-content=\"true\" data-vce-do-apply=\"padding el-13c274a0\"><div class=\"vce-text-block\"><div id=\"el-d5b556ed\" class=\"vce-text-block-wrapper vce\" data-vce-do-apply=\"all el-d5b556ed\"><p class=\"subtit-h2\">Ester Sanrom\u00e0 Martorell se ha comprometido a hacer accesibles sus sitios web de conformidad con el Real Decreto 1112\/2018, de 7 de septiembre, sobre accesibilidad de los sitios web y aplicaciones para dispositivos m\u00f3viles del sector p\u00fablico (en adelante, Real Decreto 1112\/2018, de 7 de septiembre) o desarrollos financiados desde Europa. La presente declaraci\u00f3n de accesibilidad se aplica al sitio web sanromapsicologia.com<\/p><\/div><\/div><\/div><\/div><\/div><\/div><\/div><\/div><div id=\"el-0d6bd030\" class=\"vce-text-block-wrapper vce\" data-vce-do-apply=\"all el-0d6bd030\"><h2 class=\"subtit-h2\">SITUACI\u00d3N DE CUMPLIMIENTO<\/h2><\/div><div id=\"el-243a1b14\" class=\"vce-text-block-wrapper vce\" data-vce-do-apply=\"all el-243a1b14\">Este sitio web es plenamente conforme con el Real Decreto 1112\/2018, de 7 de septiembre.<\/div><div id=\"el-ffa954ff\" class=\"vce-text-block-wrapper vce\" data-vce-do-apply=\"all el-ffa954ff\"><h2 class=\"subtit-h2\">PREPARACI\u00d3N DE LA PRESENTE DECLARACI\u00d3N DE ACCESIBILIDAD<\/h2><\/div><div class=\"vce-text-block\"><p id=\"el-a77f1b43\" class=\"vce-text-block-wrapper vce\" data-vce-do-apply=\"all el-a77f1b43\">La presente declaraci\u00f3n fue preparada el 25 de septiembre de 2024. El m\u00e9todo empleado para preparar la declaraci\u00f3n ha sido una evaluaci\u00f3n llevada a cabo por la empresa rIL Estudio.<\/p><\/div><\/div><\/div><\/div><\/div><\/div><\/div><\/div><\/div><\/div><\/div>","protected":false},"excerpt":{"rendered":"<p>Declaraci\u00f3n de accesibilidadEster Sanrom\u00e0 Martorell se ha comprometido a hacer accesibles sus sitios web de conformidad con el Real Decreto 1112\/2018, de 7 de septiembre, sobre accesibilidad de los sitios web y aplicaciones para dispositivos m\u00f3viles del sector p\u00fablico (en adelante, Real Decreto 1112\/2018, de 7 de septiembre) o desarrollos financiados desde Europa. La presente &#8230; <a title=\"Declaraci\u00f3n de accesibilidad\" class=\"read-more\" href=\"https:\/\/sanromapsicologia.com\/ca\/declaracion-accesibilidad\/\" aria-label=\"M\u00e9s informaci\u00f3 sobre Declaraci\u00f3n de accesibilidad\">Llegiu m\u00e9s<\/a><\/p>","protected":false},"author":3,"featured_media":0,"parent":0,"menu_order":0,"comment_status":"closed","ping_status":"closed","template":"","meta":{"footnotes":""},"class_list":["post-408","page","type-page","status-publish"],"yoast_head":"<!-- This site is optimized with the Yoast SEO plugin v23.8 - https:\/\/yoast.com\/wordpress\/plugins\/seo\/ -->\n<title>Declaraci\u00f3n de accesibilidad - Sanrom\u00e0 Psicolog\u00eda<\/title>\n<meta name=\"robots\" content=\"noindex, nofollow\" \/>\n<meta property=\"og:locale\" content=\"ca_ES\" \/>\n<meta property=\"og:type\" content=\"article\" \/>\n<meta property=\"og:title\" content=\"Declaraci\u00f3n de accesibilidad - Sanrom\u00e0 Psicolog\u00eda\" \/>\n<meta property=\"og:description\" content=\"Declaraci\u00f3n de accesibilidadEster Sanrom\u00e0 Martorell se ha comprometido a hacer accesibles sus sitios web de conformidad con el Real Decreto 1112\/2018, de 7 de septiembre, sobre accesibilidad de los sitios web y aplicaciones para dispositivos m\u00f3viles del sector p\u00fablico (en adelante, Real Decreto 1112\/2018, de 7 de septiembre) o desarrollos financiados desde Europa. La presente ... Llegiu m\u00e9s\" \/>\n<meta property=\"og:url\" content=\"https:\/\/sanromapsicologia.com\/ca\/declaracion-accesibilidad\/\" \/>\n<meta property=\"og:site_name\" content=\"Sanrom\u00e0 Psicolog\u00eda\" \/>\n<meta property=\"article:modified_time\" content=\"2024-11-05T10:01:14+00:00\" \/>\n<meta name=\"twitter:card\" content=\"summary_large_image\" \/>\n<script type=\"application\/ld+json\" class=\"yoast-schema-graph\">{\"@context\":\"https:\/\/schema.org\",\"@graph\":[{\"@type\":\"WebPage\",\"@id\":\"https:\/\/sanromapsicologia.com\/declaracion-accesibilidad\/\",\"url\":\"https:\/\/sanromapsicologia.com\/declaracion-accesibilidad\/\",\"name\":\"Declaraci\u00f3n de accesibilidad - Sanrom\u00e0 Psicolog\u00eda\",\"isPartOf\":{\"@id\":\"https:\/\/sanromapsicologia.com\/#website\"},\"datePublished\":\"2024-11-05T09:59:48+00:00\",\"dateModified\":\"2024-11-05T10:01:14+00:00\",\"breadcrumb\":{\"@id\":\"https:\/\/sanromapsicologia.com\/declaracion-accesibilidad\/#breadcrumb\"},\"inLanguage\":\"ca\",\"potentialAction\":[{\"@type\":\"ReadAction\",\"target\":[\"https:\/\/sanromapsicologia.com\/declaracion-accesibilidad\/\"]}]},{\"@type\":\"BreadcrumbList\",\"@id\":\"https:\/\/sanromapsicologia.com\/declaracion-accesibilidad\/#breadcrumb\",\"itemListElement\":[{\"@type\":\"ListItem\",\"position\":1,\"name\":\"Portada\",\"item\":\"https:\/\/sanromapsicologia.com\/\"},{\"@type\":\"ListItem\",\"position\":2,\"name\":\"Declaraci\u00f3n de accesibilidad\"}]},{\"@type\":\"WebSite\",\"@id\":\"https:\/\/sanromapsicologia.com\/#website\",\"url\":\"https:\/\/sanromapsicologia.com\/\",\"name\":\"Sanrom\u00e0 Psicolog\u00eda\",\"description\":\"Terapia Psicol\u00f3gica\",\"publisher\":{\"@id\":\"https:\/\/sanromapsicologia.com\/#organization\"},\"potentialAction\":[{\"@type\":\"SearchAction\",\"target\":{\"@type\":\"EntryPoint\",\"urlTemplate\":\"https:\/\/sanromapsicologia.com\/?s={search_term_string}\"},\"query-input\":{\"@type\":\"PropertyValueSpecification\",\"valueRequired\":true,\"valueName\":\"search_term_string\"}}],\"inLanguage\":\"ca\"},{\"@type\":\"Organization\",\"@id\":\"https:\/\/sanromapsicologia.com\/#organization\",\"name\":\"Sanrom\u00e0 Psicolog\u00eda\",\"url\":\"https:\/\/sanromapsicologia.com\/\",\"logo\":{\"@type\":\"ImageObject\",\"inLanguage\":\"ca\",\"@id\":\"https:\/\/sanromapsicologia.com\/#\/schema\/logo\/image\/\",\"url\":\"https:\/\/sanromapsicologia.com\/wp-content\/uploads\/2024\/10\/ester-sanroma-psicologia-1.png\",\"contentUrl\":\"https:\/\/sanromapsicologia.com\/wp-content\/uploads\/2024\/10\/ester-sanroma-psicologia-1.png\",\"width\":700,\"height\":208,\"caption\":\"Sanrom\u00e0 Psicolog\u00eda\"},\"image\":{\"@id\":\"https:\/\/sanromapsicologia.com\/#\/schema\/logo\/image\/\"}}]}<\/script>\n<!-- \/ Yoast SEO plugin. -->","yoast_head_json":{"title":"Declaraci\u00f3n de accesibilidad - Sanrom\u00e0 Psicolog\u00eda","robots":{"index":"noindex","follow":"nofollow"},"og_locale":"ca_ES","og_type":"article","og_title":"Declaraci\u00f3n de accesibilidad - Sanrom\u00e0 Psicolog\u00eda","og_description":"Declaraci\u00f3n de accesibilidadEster Sanrom\u00e0 Martorell se ha comprometido a hacer accesibles sus sitios web de conformidad con el Real Decreto 1112\/2018, de 7 de septiembre, sobre accesibilidad de los sitios web y aplicaciones para dispositivos m\u00f3viles del sector p\u00fablico (en adelante, Real Decreto 1112\/2018, de 7 de septiembre) o desarrollos financiados desde Europa. La presente ... Llegiu m\u00e9s","og_url":"https:\/\/sanromapsicologia.com\/ca\/declaracion-accesibilidad\/","og_site_name":"Sanrom\u00e0 Psicolog\u00eda","article_modified_time":"2024-11-05T10:01:14+00:00","twitter_card":"summary_large_image","schema":{"@context":"https:\/\/schema.org","@graph":[{"@type":"WebPage","@id":"https:\/\/sanromapsicologia.com\/declaracion-accesibilidad\/","url":"https:\/\/sanromapsicologia.com\/declaracion-accesibilidad\/","name":"Declaraci\u00f3n de accesibilidad - Sanrom\u00e0 Psicolog\u00eda","isPartOf":{"@id":"https:\/\/sanromapsicologia.com\/#website"},"datePublished":"2024-11-05T09:59:48+00:00","dateModified":"2024-11-05T10:01:14+00:00","breadcrumb":{"@id":"https:\/\/sanromapsicologia.com\/declaracion-accesibilidad\/#breadcrumb"},"inLanguage":"ca","potentialAction":[{"@type":"ReadAction","target":["https:\/\/sanromapsicologia.com\/declaracion-accesibilidad\/"]}]},{"@type":"BreadcrumbList","@id":"https:\/\/sanromapsicologia.com\/declaracion-accesibilidad\/#breadcrumb","itemListElement":[{"@type":"ListItem","position":1,"name":"Portada","item":"https:\/\/sanromapsicologia.com\/"},{"@type":"ListItem","position":2,"name":"Declaraci\u00f3n de accesibilidad"}]},{"@type":"WebSite","@id":"https:\/\/sanromapsicologia.com\/#website","url":"https:\/\/sanromapsicologia.com\/","name":"Sanrom\u00e0 Psicolog\u00eda","description":"Terapia Psicol\u00f3gica","publisher":{"@id":"https:\/\/sanromapsicologia.com\/#organization"},"potentialAction":[{"@type":"SearchAction","target":{"@type":"EntryPoint","urlTemplate":"https:\/\/sanromapsicologia.com\/?s={search_term_string}"},"query-input":{"@type":"PropertyValueSpecification","valueRequired":true,"valueName":"search_term_string"}}],"inLanguage":"ca"},{"@type":"Organization","@id":"https:\/\/sanromapsicologia.com\/#organization","name":"Sanrom\u00e0 Psicolog\u00eda","url":"https:\/\/sanromapsicologia.com\/","logo":{"@type":"ImageObject","inLanguage":"ca","@id":"https:\/\/sanromapsicologia.com\/#\/schema\/logo\/image\/","url":"https:\/\/sanromapsicologia.com\/wp-content\/uploads\/2024\/10\/ester-sanroma-psicologia-1.png","contentUrl":"https:\/\/sanromapsicologia.com\/wp-content\/uploads\/2024\/10\/ester-sanroma-psicologia-1.png","width":700,"height":208,"caption":"Sanrom\u00e0 Psicolog\u00eda"},"image":{"@id":"https:\/\/sanromapsicologia.com\/#\/schema\/logo\/image\/"}}]}},"_links":{"self":[{"href":"https:\/\/sanromapsicologia.com\/ca\/wp-json\/wp\/v2\/pages\/408"}],"collection":[{"href":"https:\/\/sanromapsicologia.com\/ca\/wp-json\/wp\/v2\/pages"}],"about":[{"href":"https:\/\/sanromapsicologia.com\/ca\/wp-json\/wp\/v2\/types\/page"}],"author":[{"embeddable":true,"href":"https:\/\/sanromapsicologia.com\/ca\/wp-json\/wp\/v2\/users\/3"}],"replies":[{"embeddable":true,"href":"https:\/\/sanromapsicologia.com\/ca\/wp-json\/wp\/v2\/comments?post=408"}],"version-history":[{"count":0,"href":"https:\/\/sanromapsicologia.com\/ca\/wp-json\/wp\/v2\/pages\/408\/revisions"}],"wp:attachment":[{"href":"https:\/\/sanromapsicologia.com\/ca\/wp-json\/wp\/v2\/media?parent=408"}],"curies":[{"name":"wp","href":"https:\/\/api.w.org\/{rel}","templated":true}]}}