{"id":15,"date":"2024-10-24T08:53:24","date_gmt":"2024-10-24T08:53:24","guid":{"rendered":"https:\/\/sanromapsicologia.com\/?page_id=15"},"modified":"2025-06-08T17:29:02","modified_gmt":"2025-06-08T17:29:02","slug":"sobre-mi","status":"publish","type":"page","link":"https:\/\/sanromapsicologia.com\/ca\/sobre-mi\/","title":{"rendered":"Sobre Mi"},"content":{"rendered":"<div class=\"vce-row-container\" data-vce-boxed-width=\"true\">\r\n<div id=\"el-f8fb83af\" class=\"vce-row vce-row--col-gap-100 vce-row-equal-height vce-row-content--middle\" data-vce-do-apply=\"all el-f8fb83af\">\r\n<div class=\"vce-content-background-container\"><\/div>\r\n<div class=\"vce-row-content\" data-vce-element-content=\"true\">\r\n\r\n\r\n<div id=\"el-2a12be0f\" class=\"vce-col vce-col--md-100p vce-col--xs-1 vce-col--xs-last vce-col--xs-first vce-col--sm-last vce-col--sm-first vce-col--md-last vce-col--lg-last vce-col--xl-last vce-col--md-first vce-col--lg-first vce-col--xl-first\">\r\n<div class=\"vce-col-inner\" data-vce-do-apply=\"border margin background el-2a12be0f\">\r\n<div class=\"vce-col-content\" data-vce-element-content=\"true\" data-vce-do-apply=\"padding el-2a12be0f\">\r\n\r\n\r\n<div class=\"vce-text-block\">\r\n<div id=\"el-8bc28ca7\" class=\"vce-text-block-wrapper vce\" data-vce-do-apply=\"all el-8bc28ca7\">\r\n<h1>Ester Sanrom\u00e0\nPsic\u00f2loga Sanit\u00e0ria<\/h1>\r\n<\/div>\r\n<\/div>\r\n\r\n\r\n<\/div>\r\n<\/div>\r\n<\/div>\r\n\r\n<div id=\"el-fa85a713\" class=\"vce-col vce-col--md-auto vce-col--xs-1 vce-col--xs-last vce-col--xs-first vce-col--sm-last vce-col--sm-first vce-col--md-first vce-col--lg-first vce-col--xl-first\">\r\n<div class=\"vce-col-inner\" data-vce-do-apply=\"border margin background el-fa85a713\">\r\n<div class=\"vce-col-content\" data-vce-element-content=\"true\" data-vce-do-apply=\"padding el-fa85a713\">\r\n\r\n\r\n<div class=\"vce-text-block\">\r\n<div id=\"el-ce641049\" class=\"vce-text-block-wrapper vce\" data-vce-do-apply=\"all el-ce641049\">\r\n<h2>Sobre mi<\/h2>\r\nHola! El meu nom \u00e9s Ester Sanrom\u00e0 i s\u00f3c <strong>psic\u00f2loga a l'\u00e0mbit sanitari<\/strong>. Intervinc a totes les edats, des d'infantil fins a adults.\n\nLa meva especialitat \u00e9s treballar des de la <strong>ter\u00e0pia cognitiu-conductual<\/strong> qualsevol dificultat, problema o trastorn. No obstant aix\u00f2, <strong>adapto la ter\u00e0pia a la necessitat del pacient<\/strong>.\n\nEl meu objectiu \u00e9s acompanyar les persones en el proc\u00e9s terap\u00e8utic.\r\n\r\n<\/div>\r\n<\/div>\r\n\r\n\r\n<\/div>\r\n<\/div>\r\n<\/div>\r\n\r\n<div id=\"el-978a8f5b\" class=\"vce-col vce-col--md-auto vce-col--xs-1 vce-col--xs-last vce-col--xs-first vce-col--sm-last vce-col--sm-first vce-col--md-last vce-col--lg-last vce-col--xl-last\">\r\n<div class=\"vce-col-inner\" data-vce-do-apply=\"border margin background el-978a8f5b\">\r\n<div class=\"vce-col-content\" data-vce-element-content=\"true\" data-vce-do-apply=\"padding el-978a8f5b\">\r\n\r\n\r\n<div class=\"vce-single-image-container vce-single-image--align-center\">\r\n<div id=\"el-c58eb966\" class=\"vce vce-single-image-wrapper\" data-vce-do-apply=\"all el-c58eb966\">\r\n<figure>\r\n<div class=\"vce-single-image-figure-inner\" style=\"width: 390px;\">\r\n<div class=\"vce-single-image-inner vce-single-image--absolute\" style=\"width: 100%; padding-bottom: 100%;\"><img loading=\"lazy\" decoding=\"async\" class=\"vce-single-image\" title=\"ester-sanroma-psicologa\" src=\"https:\/\/sanromapsicologia.com\/wp-content\/uploads\/2024\/11\/ester-sanroma-psicologa-390x390.jpg\" srcset=\"https:\/\/sanromapsicologia.com\/wp-content\/uploads\/2024\/10\/ester-sanroma-psicologa-320x322.jpg 320w, https:\/\/sanromapsicologia.com\/wp-content\/uploads\/2024\/10\/ester-sanroma-psicologa-480x484.jpg 480w, https:\/\/sanromapsicologia.com\/wp-content\/uploads\/2024\/10\/ester-sanroma-psicologa-800x806.jpg 800w, https:\/\/sanromapsicologia.com\/wp-content\/uploads\/2024\/11\/ester-sanroma-psicologa-390x390.jpg 390w, https:\/\/sanromapsicologia.com\/wp-content\/uploads\/2024\/11\/ester-sanroma-psicologa-780x780.jpg 2x\" alt=\"Ester Sanrom\u00e0 Psic\u00f3loga Sanitaria\" width=\"390\" height=\"390\" data-img-src=\"https:\/\/sanromapsicologia.com\/wp-content\/uploads\/2024\/10\/ester-sanroma-psicologa.jpg\" data-attachment-id=\"229\" \/><\/div>\r\n<\/div>\r\n<figcaption hidden=\"\"><\/figcaption><\/figure>\r\n<\/div>\r\n<\/div>\r\n\r\n\r\n<\/div>\r\n<\/div>\r\n<\/div>\r\n\r\n\r\n<\/div>\r\n<\/div>\r\n<\/div>\r\n\r\n<div class=\"vce-row-container\">\r\n<div id=\"el-235ac665\" class=\"vce-row vce-row--xl--has-col-background vce-row--lg--has-col-background vce-row--md--has-col-background vce-row--sm--has-col-background vce-row--xs--has-col-background vce-element--has-background vce-row--col-gap-30 vce-row-equal-height vce-row-content--top\" data-vce-full-width=\"true\" data-vce-do-apply=\"all el-235ac665\">\r\n<div class=\"vce-content-background-container\"><\/div>\r\n<div class=\"vce-row-content\" data-vce-element-content=\"true\">\r\n\r\n\r\n<div id=\"el-1d5ee591\" class=\"vce-col vce-col--md-100p vce-col--xs-1 vce-col--xs-last vce-col--xs-first vce-col--sm-last vce-col--sm-first vce-col--md-last vce-col--lg-last vce-col--xl-last vce-col--md-first vce-col--lg-first vce-col--xl-first\">\r\n<div class=\"vce-col-inner\" data-vce-do-apply=\"border margin background el-1d5ee591\">\r\n<div class=\"vce-col-content\" data-vce-element-content=\"true\" data-vce-do-apply=\"padding el-1d5ee591\">\r\n\r\n\r\n<div class=\"vce-text-block\">\r\n<div id=\"el-89869138\" class=\"vce-text-block-wrapper vce\" data-vce-do-apply=\"all el-89869138\">\r\n<h2 style=\"text-align: center;\">La nostra filosofia<\/h2>\r\n<\/div>\r\n<\/div>\r\n\r\n\r\n<\/div>\r\n<\/div>\r\n<\/div>\r\n\r\n<div id=\"el-52e50de8\" class=\"vce-col vce-element--xl--has-background vce-element--lg--has-background vce-element--md--has-background vce-element--sm--has-background vce-element--xs--has-background vce-col--md-100p vce-col--xs-1 vce-col--xs-last vce-col--xs-first vce-col--sm-last vce-col--sm-first vce-col--md-last vce-col--lg-last vce-col--xl-last vce-col--md-first vce-col--lg-first vce-col--xl-first\">\r\n<div class=\"vce-col-inner\" data-vce-do-apply=\"border margin background el-52e50de8\">\r\n<div class=\"vce-content-background-container\"><\/div>\r\n<div class=\"vce-col-content\" data-vce-element-content=\"true\" data-vce-do-apply=\"padding el-52e50de8\">\r\n\r\n\r\n<div class=\"vce-row-container\" data-vce-boxed-width=\"true\">\r\n<div id=\"el-2779f914\" class=\"vce-row vce-row--col-gap-60 vce-row-equal-height vce-row-content--top\" data-vce-do-apply=\"all el-2779f914\">\r\n<div class=\"vce-row-content\" data-vce-element-content=\"true\">\r\n\r\n\r\n<div id=\"el-30d979a3\" class=\"vce-col vce-col--md-auto vce-col--xs-1 vce-col--xs-last vce-col--xs-first vce-col--sm-last vce-col--sm-first vce-col--md-first vce-col--lg-first vce-col--xl-first\">\r\n<div class=\"vce-col-inner\" data-vce-do-apply=\"border margin background el-30d979a3\">\r\n<div class=\"vce-col-content\" data-vce-element-content=\"true\" data-vce-do-apply=\"padding el-30d979a3\">\r\n\r\n\r\n<div class=\"vce-text-block\">\r\n<div id=\"el-348b1ca6\" class=\"vce-text-block-wrapper vce\" data-vce-do-apply=\"all el-348b1ca6\">\r\n<h3 class=\"h3-check-box\">Atenci\u00f3 centrada en el pacient i la fam\u00edlia<\/h3>\r\n<h3 class=\"h3-check-box\">Empatia i escolta activa<\/h3>\r\n<\/div>\r\n<\/div>\r\n\r\n\r\n<\/div>\r\n<\/div>\r\n<\/div>\r\n\r\n<div id=\"el-0f52867c\" class=\"vce-col vce-col--md-auto vce-col--xs-1 vce-col--xs-last vce-col--xs-first vce-col--sm-last vce-col--sm-first vce-col--md-last vce-col--lg-last vce-col--xl-last\">\r\n<div class=\"vce-col-inner\" data-vce-do-apply=\"border margin background el-0f52867c\">\r\n<div class=\"vce-col-content\" data-vce-element-content=\"true\" data-vce-do-apply=\"padding el-0f52867c\">\r\n\r\n\r\n<div class=\"vce-text-block\">\r\n<div id=\"el-feefc288\" class=\"vce-text-block-wrapper vce\" data-vce-do-apply=\"all el-feefc288\">\r\n<h3 class=\"h3-check-box\">Qualitat i seguretat<\/h3>\r\n<h3 class=\"h3-check-box\">Proximitat i enfocament personalitzat<\/h3>\r\n<\/div>\r\n<\/div>\r\n\r\n\r\n<\/div>\r\n<\/div>\r\n<\/div>\r\n\r\n\r\n<\/div>\r\n<\/div>\r\n<\/div>\r\n\r\n\r\n<\/div>\r\n<\/div>\r\n<\/div>\r\n\r\n\r\n<\/div>\r\n<\/div>\r\n<\/div>\r\n\r\n<div class=\"vce-row-container\">\r\n<div id=\"el-3365689e\" class=\"vce-row vce-element--has-background vce-row--col-gap-30 footer-banner vce-row-equal-height vce-row-content--top\" data-vce-full-width=\"true\" data-vce-do-apply=\"all el-3365689e\">\r\n<div class=\"vce-content-background-container\"><\/div>\r\n<div class=\"vce-row-content\" data-vce-element-content=\"true\">\r\n\r\n\r\n<div id=\"el-a8ab7ca9\" class=\"vce-col vce-col--xs-100p vce-col--xs-visible vce-col--xs-last vce-col--xs-first vce-col--sm-100p vce-col--sm-visible vce-col--sm-last vce-col--sm-first vce-col--md-100p vce-col--md-visible vce-col--md-last vce-col--md-first vce-col--lg-100p vce-col--lg-visible vce-col--lg-last vce-col--lg-first vce-col--xl-100p vce-col--xl-visible vce-col--xl-last vce-col--xl-first\">\r\n<div class=\"vce-col-inner\" data-vce-do-apply=\"border margin background el-a8ab7ca9\">\r\n<div class=\"vce-col-content\" data-vce-element-content=\"true\" data-vce-do-apply=\"padding el-a8ab7ca9\">\r\n\r\n\r\n<div class=\"vce-text-block\">\r\n<div id=\"el-402efdb1\" class=\"vce-text-block-wrapper vce\" data-vce-do-apply=\"all el-402efdb1\">\r\n<h3 class=\"h3-grande\" style=\"text-align: center;\">Necessites parlar amb alg\u00fa?<\/h3>\r\n<p style=\"text-align: center;\">Demana avui mateix una cita amb l'Ester Sanrom\u00e0 i comen\u00e7a a sentir-te millor amb tu mateix\/a.<\/p>\r\n\r\n<\/div>\r\n<\/div>\r\n\r\n<div class=\"vce-button--style-outline-container vce-button--style-outline-container--align-center\"><span id=\"el-06c73be8\" class=\"vce-button--style-outline-wrapper vce\" data-vce-do-apply=\"margin el-06c73be8\"><a class=\"vce-button vce-button--style-outline-animated vce-button--style-outline--border-round vce-button--style-outline--size-medium vce-button--style-outline-animated--color-b-105-69-133--fff--3d3d3d vce-button--style-outline-animated--border-color-b-105-69-133--3d3d3d vce-button--style-outline-animated--background-color-b-169-120-207\" title=\"\" href=\"https:\/\/wa.me\/34611433635\" data-vce-do-apply=\"padding border background el-06c73be8\"><span class=\"vce-button--style-outline-text\">Demana la teva cita<\/span><\/a><\/span><\/div>\r\n\r\n\r\n<\/div>\r\n<\/div>\r\n<\/div>\r\n\r\n\r\n<\/div>\r\n<\/div>\r\n<\/div>","protected":false},"excerpt":{"rendered":"<p>Ester Sanrom\u00e0 Psic\u00f3loga Sanitaria Sobre m\u00ed \u00a1Hola! Mi nombre es Ester Sanrom\u00e0 y soy psic\u00f3loga en el \u00e1mbito sanitario. Intervengo en todas las edades, desde infantil hasta adultos. Mi especialidad es trabajar desde la terapia cognitivo-conductual cualquier dificultad, problema o trastorno. Sin embargo, adapto la terapia a la necesidad del paciente. Mi objetivo es acompa\u00f1ar &#8230; <a title=\"Sobre Mi\" class=\"read-more\" href=\"https:\/\/sanromapsicologia.com\/ca\/sobre-mi\/\" aria-label=\"M\u00e9s informaci\u00f3 sobre Sobre M\u00ed\">Llegiu m\u00e9s<\/a><\/p>","protected":false},"author":3,"featured_media":0,"parent":0,"menu_order":0,"comment_status":"closed","ping_status":"closed","template":"","meta":{"footnotes":""},"class_list":["post-15","page","type-page","status-publish"],"yoast_head":"<!-- This site is optimized with the Yoast SEO plugin v23.8 - https:\/\/yoast.com\/wordpress\/plugins\/seo\/ -->\n<title>Psic\u00f3loga sanitaria en Blanes - Sanrom\u00e0 Psicolog\u00eda<\/title>\n<meta name=\"description\" content=\"\u00bfEst\u00e1s buscando una psic\u00f3loga sanitaria en Blanes? Solicita una cita en Sanrom\u00e0 Psicolog\u00eda y si\u00e9ntete mejor contigo mismo.\" \/>\n<meta name=\"robots\" content=\"index, follow, max-snippet:-1, max-image-preview:large, max-video-preview:-1\" \/>\n<link rel=\"canonical\" href=\"https:\/\/sanromapsicologia.com\/ca\/sobre-mi\/\" \/>\n<meta property=\"og:locale\" content=\"ca_ES\" \/>\n<meta property=\"og:type\" content=\"article\" \/>\n<meta property=\"og:title\" content=\"Psic\u00f3loga sanitaria en Blanes - Sanrom\u00e0 Psicolog\u00eda\" \/>\n<meta property=\"og:description\" content=\"\u00bfEst\u00e1s buscando una psic\u00f3loga sanitaria en Blanes? Solicita una cita en Sanrom\u00e0 Psicolog\u00eda y si\u00e9ntete mejor contigo mismo.\" \/>\n<meta property=\"og:url\" content=\"https:\/\/sanromapsicologia.com\/ca\/sobre-mi\/\" \/>\n<meta property=\"og:site_name\" content=\"Sanrom\u00e0 Psicolog\u00eda\" \/>\n<meta property=\"article:modified_time\" content=\"2025-06-08T17:29:02+00:00\" \/>\n<meta property=\"og:image\" content=\"https:\/\/sanromapsicologia.com\/wp-content\/uploads\/2024\/11\/ester-sanroma-psicologa-390x390.jpg\" \/>\n<meta name=\"twitter:card\" content=\"summary_large_image\" \/>\n<meta name=\"twitter:label1\" content=\"Temps estimat de lectura\" \/>\n\t<meta name=\"twitter:data1\" content=\"1 minut\" \/>\n<script type=\"application\/ld+json\" class=\"yoast-schema-graph\">{\"@context\":\"https:\/\/schema.org\",\"@graph\":[{\"@type\":\"WebPage\",\"@id\":\"https:\/\/sanromapsicologia.com\/sobre-mi\/\",\"url\":\"https:\/\/sanromapsicologia.com\/sobre-mi\/\",\"name\":\"Psic\u00f3loga sanitaria en Blanes - Sanrom\u00e0 Psicolog\u00eda\",\"isPartOf\":{\"@id\":\"https:\/\/sanromapsicologia.com\/#website\"},\"primaryImageOfPage\":{\"@id\":\"https:\/\/sanromapsicologia.com\/sobre-mi\/#primaryimage\"},\"image\":{\"@id\":\"https:\/\/sanromapsicologia.com\/sobre-mi\/#primaryimage\"},\"thumbnailUrl\":\"https:\/\/sanromapsicologia.com\/wp-content\/uploads\/2024\/11\/ester-sanroma-psicologa-390x390.jpg\",\"datePublished\":\"2024-10-24T08:53:24+00:00\",\"dateModified\":\"2025-06-08T17:29:02+00:00\",\"description\":\"\u00bfEst\u00e1s buscando una psic\u00f3loga sanitaria en Blanes? Solicita una cita en Sanrom\u00e0 Psicolog\u00eda y si\u00e9ntete mejor contigo mismo.\",\"breadcrumb\":{\"@id\":\"https:\/\/sanromapsicologia.com\/sobre-mi\/#breadcrumb\"},\"inLanguage\":\"ca\",\"potentialAction\":[{\"@type\":\"ReadAction\",\"target\":[\"https:\/\/sanromapsicologia.com\/sobre-mi\/\"]}]},{\"@type\":\"ImageObject\",\"inLanguage\":\"ca\",\"@id\":\"https:\/\/sanromapsicologia.com\/sobre-mi\/#primaryimage\",\"url\":\"https:\/\/sanromapsicologia.com\/wp-content\/uploads\/2024\/11\/ester-sanroma-psicologa-390x390.jpg\",\"contentUrl\":\"https:\/\/sanromapsicologia.com\/wp-content\/uploads\/2024\/11\/ester-sanroma-psicologa-390x390.jpg\"},{\"@type\":\"BreadcrumbList\",\"@id\":\"https:\/\/sanromapsicologia.com\/sobre-mi\/#breadcrumb\",\"itemListElement\":[{\"@type\":\"ListItem\",\"position\":1,\"name\":\"Portada\",\"item\":\"https:\/\/sanromapsicologia.com\/\"},{\"@type\":\"ListItem\",\"position\":2,\"name\":\"Sobre M\u00ed\"}]},{\"@type\":\"WebSite\",\"@id\":\"https:\/\/sanromapsicologia.com\/#website\",\"url\":\"https:\/\/sanromapsicologia.com\/\",\"name\":\"Sanrom\u00e0 Psicolog\u00eda\",\"description\":\"Terapia Psicol\u00f3gica\",\"publisher\":{\"@id\":\"https:\/\/sanromapsicologia.com\/#organization\"},\"potentialAction\":[{\"@type\":\"SearchAction\",\"target\":{\"@type\":\"EntryPoint\",\"urlTemplate\":\"https:\/\/sanromapsicologia.com\/?s={search_term_string}\"},\"query-input\":{\"@type\":\"PropertyValueSpecification\",\"valueRequired\":true,\"valueName\":\"search_term_string\"}}],\"inLanguage\":\"ca\"},{\"@type\":\"Organization\",\"@id\":\"https:\/\/sanromapsicologia.com\/#organization\",\"name\":\"Sanrom\u00e0 Psicolog\u00eda\",\"url\":\"https:\/\/sanromapsicologia.com\/\",\"logo\":{\"@type\":\"ImageObject\",\"inLanguage\":\"ca\",\"@id\":\"https:\/\/sanromapsicologia.com\/#\/schema\/logo\/image\/\",\"url\":\"https:\/\/sanromapsicologia.com\/wp-content\/uploads\/2024\/10\/ester-sanroma-psicologia-1.png\",\"contentUrl\":\"https:\/\/sanromapsicologia.com\/wp-content\/uploads\/2024\/10\/ester-sanroma-psicologia-1.png\",\"width\":700,\"height\":208,\"caption\":\"Sanrom\u00e0 Psicolog\u00eda\"},\"image\":{\"@id\":\"https:\/\/sanromapsicologia.com\/#\/schema\/logo\/image\/\"}}]}<\/script>\n<!-- \/ Yoast SEO plugin. -->","yoast_head_json":{"title":"Psic\u00f3loga sanitaria en Blanes - Sanrom\u00e0 Psicolog\u00eda","description":"\u00bfEst\u00e1s buscando una psic\u00f3loga sanitaria en Blanes? Solicita una cita en Sanrom\u00e0 Psicolog\u00eda y si\u00e9ntete mejor contigo mismo.","robots":{"index":"index","follow":"follow","max-snippet":"max-snippet:-1","max-image-preview":"max-image-preview:large","max-video-preview":"max-video-preview:-1"},"canonical":"https:\/\/sanromapsicologia.com\/ca\/sobre-mi\/","og_locale":"ca_ES","og_type":"article","og_title":"Psic\u00f3loga sanitaria en Blanes - Sanrom\u00e0 Psicolog\u00eda","og_description":"\u00bfEst\u00e1s buscando una psic\u00f3loga sanitaria en Blanes? Solicita una cita en Sanrom\u00e0 Psicolog\u00eda y si\u00e9ntete mejor contigo mismo.","og_url":"https:\/\/sanromapsicologia.com\/ca\/sobre-mi\/","og_site_name":"Sanrom\u00e0 Psicolog\u00eda","article_modified_time":"2025-06-08T17:29:02+00:00","og_image":[{"url":"https:\/\/sanromapsicologia.com\/wp-content\/uploads\/2024\/11\/ester-sanroma-psicologa-390x390.jpg"}],"twitter_card":"summary_large_image","twitter_misc":{"Temps estimat de lectura":"1 minut"},"schema":{"@context":"https:\/\/schema.org","@graph":[{"@type":"WebPage","@id":"https:\/\/sanromapsicologia.com\/sobre-mi\/","url":"https:\/\/sanromapsicologia.com\/sobre-mi\/","name":"Psic\u00f3loga sanitaria en Blanes - Sanrom\u00e0 Psicolog\u00eda","isPartOf":{"@id":"https:\/\/sanromapsicologia.com\/#website"},"primaryImageOfPage":{"@id":"https:\/\/sanromapsicologia.com\/sobre-mi\/#primaryimage"},"image":{"@id":"https:\/\/sanromapsicologia.com\/sobre-mi\/#primaryimage"},"thumbnailUrl":"https:\/\/sanromapsicologia.com\/wp-content\/uploads\/2024\/11\/ester-sanroma-psicologa-390x390.jpg","datePublished":"2024-10-24T08:53:24+00:00","dateModified":"2025-06-08T17:29:02+00:00","description":"\u00bfEst\u00e1s buscando una psic\u00f3loga sanitaria en Blanes? Solicita una cita en Sanrom\u00e0 Psicolog\u00eda y si\u00e9ntete mejor contigo mismo.","breadcrumb":{"@id":"https:\/\/sanromapsicologia.com\/sobre-mi\/#breadcrumb"},"inLanguage":"ca","potentialAction":[{"@type":"ReadAction","target":["https:\/\/sanromapsicologia.com\/sobre-mi\/"]}]},{"@type":"ImageObject","inLanguage":"ca","@id":"https:\/\/sanromapsicologia.com\/sobre-mi\/#primaryimage","url":"https:\/\/sanromapsicologia.com\/wp-content\/uploads\/2024\/11\/ester-sanroma-psicologa-390x390.jpg","contentUrl":"https:\/\/sanromapsicologia.com\/wp-content\/uploads\/2024\/11\/ester-sanroma-psicologa-390x390.jpg"},{"@type":"BreadcrumbList","@id":"https:\/\/sanromapsicologia.com\/sobre-mi\/#breadcrumb","itemListElement":[{"@type":"ListItem","position":1,"name":"Portada","item":"https:\/\/sanromapsicologia.com\/"},{"@type":"ListItem","position":2,"name":"Sobre M\u00ed"}]},{"@type":"WebSite","@id":"https:\/\/sanromapsicologia.com\/#website","url":"https:\/\/sanromapsicologia.com\/","name":"Sanrom\u00e0 Psicolog\u00eda","description":"Terapia Psicol\u00f3gica","publisher":{"@id":"https:\/\/sanromapsicologia.com\/#organization"},"potentialAction":[{"@type":"SearchAction","target":{"@type":"EntryPoint","urlTemplate":"https:\/\/sanromapsicologia.com\/?s={search_term_string}"},"query-input":{"@type":"PropertyValueSpecification","valueRequired":true,"valueName":"search_term_string"}}],"inLanguage":"ca"},{"@type":"Organization","@id":"https:\/\/sanromapsicologia.com\/#organization","name":"Sanrom\u00e0 Psicolog\u00eda","url":"https:\/\/sanromapsicologia.com\/","logo":{"@type":"ImageObject","inLanguage":"ca","@id":"https:\/\/sanromapsicologia.com\/#\/schema\/logo\/image\/","url":"https:\/\/sanromapsicologia.com\/wp-content\/uploads\/2024\/10\/ester-sanroma-psicologia-1.png","contentUrl":"https:\/\/sanromapsicologia.com\/wp-content\/uploads\/2024\/10\/ester-sanroma-psicologia-1.png","width":700,"height":208,"caption":"Sanrom\u00e0 Psicolog\u00eda"},"image":{"@id":"https:\/\/sanromapsicologia.com\/#\/schema\/logo\/image\/"}}]}},"_links":{"self":[{"href":"https:\/\/sanromapsicologia.com\/ca\/wp-json\/wp\/v2\/pages\/15"}],"collection":[{"href":"https:\/\/sanromapsicologia.com\/ca\/wp-json\/wp\/v2\/pages"}],"about":[{"href":"https:\/\/sanromapsicologia.com\/ca\/wp-json\/wp\/v2\/types\/page"}],"author":[{"embeddable":true,"href":"https:\/\/sanromapsicologia.com\/ca\/wp-json\/wp\/v2\/users\/3"}],"replies":[{"embeddable":true,"href":"https:\/\/sanromapsicologia.com\/ca\/wp-json\/wp\/v2\/comments?post=15"}],"version-history":[{"count":6,"href":"https:\/\/sanromapsicologia.com\/ca\/wp-json\/wp\/v2\/pages\/15\/revisions"}],"predecessor-version":[{"id":441,"href":"https:\/\/sanromapsicologia.com\/ca\/wp-json\/wp\/v2\/pages\/15\/revisions\/441"}],"wp:attachment":[{"href":"https:\/\/sanromapsicologia.com\/ca\/wp-json\/wp\/v2\/media?parent=15"}],"curies":[{"name":"wp","href":"https:\/\/api.w.org\/{rel}","templated":true}]}}